{"id":23154,"date":"2022-03-30T15:39:04","date_gmt":"2022-03-30T13:39:04","guid":{"rendered":"https:\/\/yestobeauty.spa\/narucivanje\/"},"modified":"2022-06-02T14:59:19","modified_gmt":"2022-06-02T12:59:19","slug":"kako-kupiti-wellness-poklon-bon","status":"publish","type":"page","link":"https:\/\/yestobeauty.spa\/en\/kako-kupiti-wellness-poklon-bon\/","title":{"rendered":"Kako kupiti Wellness poklon bon?"},"content":{"rendered":"\t\t<div data-elementor-type=\"wp-page\" data-elementor-id=\"23154\" class=\"elementor elementor-23154 elementor-22283\" data-elementor-post-type=\"page\">\n\t\t\t\t\t\t<section class=\"elementor-section elementor-top-section elementor-element elementor-element-ffa0651 elementor-section-boxed elementor-section-height-default elementor-section-height-default sc_fly_static\" data-id=\"ffa0651\" data-element_type=\"section\" data-e-type=\"section\">\n\t\t\t\t\t\t<div class=\"elementor-container elementor-column-gap-extended\">\n\t\t\t\t\t<div class=\"elementor-column elementor-col-100 elementor-top-column elementor-element elementor-element-5221a95 sc_inner_width_none sc_content_align_inherit sc_layouts_column_icons_position_left sc_fly_static\" data-id=\"5221a95\" data-element_type=\"column\" data-e-type=\"column\">\n\t\t\t<div class=\"elementor-widget-wrap elementor-element-populated\">\n\t\t\t\t\t\t<div class=\"elementor-element elementor-element-084e51b sc_fly_static elementor-widget elementor-widget-spacer\" data-id=\"084e51b\" data-element_type=\"widget\" data-e-type=\"widget\" data-widget_type=\"spacer.default\">\n\t\t\t\t<div class=\"elementor-widget-container\">\n\t\t\t\t\t\t\t<div class=\"elementor-spacer\">\n\t\t\t<div class=\"elementor-spacer-inner\"><\/div>\n\t\t<\/div>\n\t\t\t\t\t\t<\/div>\n\t\t\t\t<\/div>\n\t\t\t\t<div class=\"elementor-element elementor-element-dc3d5b9 sc_fly_static elementor-widget elementor-widget-heading\" data-id=\"dc3d5b9\" data-element_type=\"widget\" data-e-type=\"widget\" data-widget_type=\"heading.default\">\n\t\t\t\t<div class=\"elementor-widget-container\">\n\t\t\t\t\t<h2 class=\"elementor-heading-title elementor-size-default\">Kori\u0161tenje poklon bona<\/h2>\t\t\t\t<\/div>\n\t\t\t\t<\/div>\n\t\t\t\t<div class=\"elementor-element elementor-element-5fabb54 sc_fly_static elementor-widget elementor-widget-spacer\" data-id=\"5fabb54\" data-element_type=\"widget\" data-e-type=\"widget\" data-widget_type=\"spacer.default\">\n\t\t\t\t<div class=\"elementor-widget-container\">\n\t\t\t\t\t\t\t<div class=\"elementor-spacer\">\n\t\t\t<div class=\"elementor-spacer-inner\"><\/div>\n\t\t<\/div>\n\t\t\t\t\t\t<\/div>\n\t\t\t\t<\/div>\n\t\t\t\t<div class=\"elementor-element elementor-element-fe58b96 sc_fly_static elementor-widget elementor-widget-text-editor\" data-id=\"fe58b96\" data-element_type=\"widget\" data-e-type=\"widget\" data-widget_type=\"text-editor.default\">\n\t\t\t\t<div class=\"elementor-widget-container\">\n\t\t\t\t\t\t\t\t\t<p>Webshop omogu\u0107uje kupnju Wellness poklon bonova koji se sastoje od tretmana njege lica i tijela, masa\u017ea i kori\u0161tenja Spa zone te su namijenjeni za dame, gospodu i parove.<\/p><p><strong>Wellness poklon bonove mogu\u0107e je iskoristiti isklju\u010divo na onoj lokaciji za koju su kupljeni. <\/strong><\/p><p><strong>Dostupne lokacije za koje se mogu kupiti Wellness poklon bonovi su:<\/strong> <strong>Hotel Pla\u017ea, Omi\u0161 i Hotel Park Makarska.<\/strong><\/p><h3>Kako naru\u010diti poklon bon?<\/h3><p>Wellness poklon bon naru\u010duje se na Web shopu odabirom gumba <strong>\u201eDodaj u ko\u0161aricu\u201c<\/strong> ili \u201e<strong>U ko\u0161aricu\u201c<\/strong>, nakon \u010dega se \u017eeljeni Wellness poklon bon sprema u potro\u0161a\u010dku ko\u0161aricu.<\/p><p>Klikom na gumb <strong>\u201eKo\u0161arica\u201c<\/strong> Kupac dobiva uvid odabranih Wellness poklon bonova.<\/p><p>Nakon pritiska na tipku <strong>\u201eNaplata\u201c<\/strong> Kupac pristupa obrascu narud\u017ebe u koji je du\u017ean upisati osobne podatke i na\u010din pla\u0107anja.<\/p><p>Kupac odgovara i snosi rizik za to\u010dnost i istinitost dostavljenih podataka.<\/p><p>Prodavatelj \u0107e obavijestiti Kupca da je narud\u017eba zaprimljena slanjem Potvrde o zaprimanju narud\u017ebe elektroni\u010dkom po\u0161tom na e-mail adresu Kupca, s podacima o broju narud\u017ebe i cijeni. Pravni status primljene narud\u017ebe je \u201eponuda\u201c i ne obvezuje Prodavatelja na osiguravanje, odnosno pru\u017eanje naru\u010dene usluge iz Wellness poklon bona. Prodavatelj nije obvezan prihvatiti narud\u017ebu i mo\u017ee je, prema vlastitom naho\u0111enju, odbiti. Me\u0111utim, Kupac potvr\u0111uje da predajom narud\u017ebe prihva\u0107a obvezu pla\u0107anja Wellness poklon bona. U slu\u010daju odbijanja narud\u017ebe Kupca, Prodavatelj \u0107e Kupcu vratiti cjelokupan upla\u0107eni iznos.<\/p><p>Nakon izvr\u0161ene uplate, a u slu\u010daju prihva\u0107anja narud\u017ebe, Prodavatelj \u0107e Kupcu elektroni\u010dkom po\u0161tom dostaviti Potvrdu o sklopljenom ugovoru, koja sadr\u017ei ra\u010dun, podatke o izvr\u0161enoj uplati i broj narud\u017ebe. Ugovor o kupoprodaji Wellness poklon bona izme\u0111u Prodavatelja i Kupca sklopljen je u trenutku kada Prodavatelj po\u0161alje Kupcu elektroni\u010dku Potvrdu o sklopljenom ugovoru. Od tog su trenutka sve cijene i drugi uvjeti prodaje ugovoreni i vrijede kako za Prodavatelja tako i za Kupca. Prodavatelj ne\u0107e biti obvezan isporu\u010diti bilo koji drugi proizvod, odnosno pru\u017eiti uslugu, koji nisu potvr\u0111eni Potvrdom o sklopljenom ugovoru.<\/p><p>Potvrda o zaprimanju narud\u017ebe i Potvrda o sklopljenom ugovoru Kupcu sti\u017eu na e-mail adresu koju je Kupac naveo prilikom narud\u017ebe.<\/p><h2>Cijena poklon bona<\/h2><p>Sve cijene izra\u017eene su u hrvatskoj nacionalnoj valuti, Hrvatska kuna (kn), s PDV-om.<\/p><p>Sva pla\u0107anja \u0107e se vr\u0161iti u hrvatskoj nacionalnoj valuti. Napla\u0107eni iznos na ra\u010dunu va\u0161e kreditne kartice pretvara se u va\u0161u lokalnu valutu prema te\u010daju udru\u017eenja kreditnih kartica.<\/p><h2>Na\u010dini pla\u0107anja<\/h2><p>Kupac naru\u010deni Wellness poklon bon mo\u017ee platiti virmanskom uplatom na internetskoj stranici prodavatelja ili kreditnom, odnosno debitnom karticom preko Corvus Pay sustava sigurnosti s Diners, Premium Visa, Visa, Maestro ili MasterCard karticama.\u00a0\u00a0\u00a0 \u00a0\u00a0 \u00a0\u00a0\u00a0 \u00a0\u00a0<\/p><p><img decoding=\"async\" class=\"alignnone size-full wp-image-23646\" src=\"https:\/\/yestobeauty.spa\/wp-content\/uploads\/2022\/05\/mc_acc_opt_70_1x.png\" alt=\"\" width=\"70\" height=\"45\" \/> <img decoding=\"async\" class=\"alignnone size-full wp-image-23648\" src=\"https:\/\/yestobeauty.spa\/wp-content\/uploads\/2022\/05\/ms_acc_opt_70_1x.png\" alt=\"\" width=\"70\" height=\"45\" \/> <img decoding=\"async\" class=\"alignnone size-full wp-image-27100\" src=\"https:\/\/yestobeauty.spa\/wp-content\/uploads\/2022\/06\/Diners-Club.jpg\" alt=\"\" width=\"150\" height=\"52\" \/> <img loading=\"lazy\" decoding=\"async\" class=\"alignnone size-full wp-image-23679\" src=\"https:\/\/yestobeauty.spa\/wp-content\/uploads\/2022\/05\/DISCOVER.jpg\" alt=\"\" width=\"78\" height=\"50\" \/> <img loading=\"lazy\" decoding=\"async\" class=\"alignnone size-full wp-image-27104\" src=\"https:\/\/yestobeauty.spa\/wp-content\/uploads\/2022\/06\/Visa.jpg\" alt=\"\" width=\"150\" height=\"52\" \/> <img loading=\"lazy\" decoding=\"async\" class=\"alignnone size-full wp-image-27102\" src=\"https:\/\/yestobeauty.spa\/wp-content\/uploads\/2022\/06\/Corvus-pay.jpg\" alt=\"\" width=\"150\" height=\"52\" \/><\/p><p>Wellness poklon bon nije mogu\u0107e kupiti na rate.<\/p><p>Pla\u0107a li Kupac kreditnom karticom, njegove podatke \u0161titi Corvus Pay sustav sigurnosti. To zna\u010di da Prodavatelj nema uvid u broj kartice Kupca, ve\u0107 to ima samo karti\u010dna ku\u0107a, vlasnik kreditne kartice.<\/p><p>Kupnja je mogu\u0107a 24 sata na dan, 7 dana u tjednu.<\/p><p>Wellness poklon bon mo\u017ee se kupiti u dostupnim koli\u010dinama.<\/p><p>Nakon kupnje Wellness poklon bonova, zamjena istih nije mogu\u0107a.<\/p><p>Zamjena Wellness poklon bonova za novac nije mogu\u0107a.<\/p><p>Za kupljene Wellness poklon bonove nije mogu\u0107 povrat sredstava, osim u slu\u010dajevima predvi\u0111enima ovim Uvjetima kupnje.<\/p><h2>Kako koristiti Wellness poklon bonove?<\/h2><p>Wellness poklon bon je kupon u elektroni\u010dkom obliku, numeriran jedinstvenim brojem prilikom izdavanja. Prodavatelj ga izdaje u elektroni\u010dkom obliku nakon primitka uplate cijene, te ga dostavlja Kupcu u privitku Potvrde o sklopljenom ugovoru.<\/p><p>Wellness poklon bonovi vrijede 12 mjeseci od datuma izdavanja, u kojem roku je Kupac du\u017ean iskoristiti uslugu iz Wellness poklon bona. Prodavatelj zadr\u017eava pravo promjene roka valjanosti Wellness poklon bona, te se obvezuje o navedenoj promjeni pravovremeno obavijestiti Kupca.<\/p><p>Ako je rok valjanosti Wellness poklon bona istekao, Kupac ga ne mo\u017ee iskoristiti. Ako Kupac nije na vrijeme iskoristio kupljeni Wellness poklon bon, odnosno rok iskoristivosti je istekao, Prodavatelj nema nikakvu obvezu s osnove Wellness poklon bona, a Kupac gubi pravo na uslugu iz Wellness poklon bona, te nema pravo na povrat upla\u0107enih sredstava. \u00a0<\/p><p>Kupljeni Wellness poklon bon ne predstavlja automatsku rezervaciju termina. Kupac je du\u017ean unaprijed rezervirati termin putem e-maila ili telefona.<\/p><p>Kupac Wellness poklon bona mo\u017ee koristiti poklon bon samo na onoj lokaciji za koju je kupio Wellness poklon bon.<\/p><p>Kupac je du\u017ean prilikom dolaska na unaprijed dogovoren termin na odgovaraju\u0107oj lokaciji predo\u010diti kupljeni Wellness poklon bon, kao kupon. U slu\u010daju da Kupac \u017eeli koristiti dodatne usluge, koje nisu uklju\u010dene u kupljeni Wellness poklon bon, Kupac je du\u017ean platiti dodatnu uslugu.<\/p><p>Na Wellness poklon bonu nije dozvoljeno i\u0161ta pisati, brisati, precrtavati ili popravljati, u suprotnom \u0107e se smatrati neva\u017ee\u0107im.<\/p><p>Ako Prodavatelj odlu\u010di, iz bilo kojeg razloga, povu\u0107i Wellness poklon bon iz opticaja, Kupac \u0107e o tome biti na vrijeme obavije\u0161ten, te \u0107e isti mo\u0107i iskoristiti u odre\u0111enom vremenskom periodu, koji \u0107e Prodavatelj unaprijed odrediti. O takvoj mogu\u0107oj odluci Prodavatelja, Kupac \u0107e biti pravovremeno obavije\u0161ten putem e-maila.<\/p>\t\t\t\t\t\t\t\t<\/div>\n\t\t\t\t<\/div>\n\t\t\t\t\t<\/div>\n\t\t<\/div>\n\t\t\t\t\t<\/div>\n\t\t<\/section>\n\t\t\t\t<\/div>\n\t\t","protected":false},"excerpt":{"rendered":"<p>Kori\u0161tenje poklon bona Webshop omogu\u0107uje kupnju Wellness poklon bonova koji se sastoje od tretmana njege lica i tijela, masa\u017ea i kori\u0161tenja Spa zone te su namijenjeni za dame, gospodu i&hellip;<\/p>\n","protected":false},"author":1,"featured_media":0,"parent":0,"menu_order":59,"comment_status":"closed","ping_status":"closed","template":"","meta":{"footnotes":""},"class_list":["post-23154","page","type-page","status-publish","hentry"],"yoast_head":"<!-- This site is optimized with the Yoast SEO Premium plugin v26.1 (Yoast SEO v26.1.1) - https:\/\/yoast.com\/wordpress\/plugins\/seo\/ -->\n<title>Kako kupiti Wellness poklon bon? - Yes To Beauty<\/title>\n<meta name=\"robots\" content=\"index, follow, max-snippet:-1, max-image-preview:large, max-video-preview:-1\" \/>\n<link rel=\"canonical\" href=\"https:\/\/yestobeauty.spa\/kako-kupiti-wellness-poklon-bon\/\" \/>\n<meta property=\"og:locale\" content=\"en_US\" \/>\n<meta property=\"og:type\" content=\"article\" \/>\n<meta property=\"og:title\" content=\"Kako kupiti Wellness poklon bon?\" \/>\n<meta property=\"og:description\" content=\"Kori\u0161tenje poklon bona Webshop omogu\u0107uje kupnju Wellness poklon bonova koji se sastoje od tretmana njege lica i tijela, masa\u017ea i kori\u0161tenja Spa zone te su namijenjeni za dame, gospodu i&hellip;\" \/>\n<meta property=\"og:url\" content=\"https:\/\/yestobeauty.spa\/kako-kupiti-wellness-poklon-bon\/\" \/>\n<meta property=\"og:site_name\" content=\"Yes To Beauty\" \/>\n<meta property=\"article:publisher\" content=\"https:\/\/www.facebook.com\/yestobeautyspa\" \/>\n<meta property=\"article:modified_time\" content=\"2022-06-02T12:59:19+00:00\" \/>\n<meta property=\"og:image\" content=\"https:\/\/yestobeauty.spa\/wp-content\/uploads\/2022\/05\/mc_acc_opt_70_1x.png\" \/>\n<meta name=\"twitter:card\" content=\"summary_large_image\" \/>\n<meta name=\"twitter:label1\" content=\"Est. reading time\" \/>\n\t<meta name=\"twitter:data1\" content=\"6 minutes\" \/>\n<script type=\"application\/ld+json\" class=\"yoast-schema-graph\">{\"@context\":\"https:\/\/schema.org\",\"@graph\":[{\"@type\":\"WebPage\",\"@id\":\"https:\/\/yestobeauty.spa\/kako-kupiti-wellness-poklon-bon\/\",\"url\":\"https:\/\/yestobeauty.spa\/kako-kupiti-wellness-poklon-bon\/\",\"name\":\"Kako kupiti Wellness poklon bon? - Yes To Beauty\",\"isPartOf\":{\"@id\":\"https:\/\/yestobeauty.spa\/#website\"},\"primaryImageOfPage\":{\"@id\":\"https:\/\/yestobeauty.spa\/kako-kupiti-wellness-poklon-bon\/#primaryimage\"},\"image\":{\"@id\":\"https:\/\/yestobeauty.spa\/kako-kupiti-wellness-poklon-bon\/#primaryimage\"},\"thumbnailUrl\":\"https:\/\/yestobeauty.spa\/wp-content\/uploads\/2022\/05\/mc_acc_opt_70_1x.png\",\"datePublished\":\"2022-03-30T13:39:04+00:00\",\"dateModified\":\"2022-06-02T12:59:19+00:00\",\"breadcrumb\":{\"@id\":\"https:\/\/yestobeauty.spa\/kako-kupiti-wellness-poklon-bon\/#breadcrumb\"},\"inLanguage\":\"en-US\",\"potentialAction\":[{\"@type\":\"ReadAction\",\"target\":[\"https:\/\/yestobeauty.spa\/kako-kupiti-wellness-poklon-bon\/\"]}]},{\"@type\":\"ImageObject\",\"inLanguage\":\"en-US\",\"@id\":\"https:\/\/yestobeauty.spa\/kako-kupiti-wellness-poklon-bon\/#primaryimage\",\"url\":\"https:\/\/yestobeauty.spa\/wp-content\/uploads\/2022\/05\/mc_acc_opt_70_1x.png\",\"contentUrl\":\"https:\/\/yestobeauty.spa\/wp-content\/uploads\/2022\/05\/mc_acc_opt_70_1x.png\"},{\"@type\":\"BreadcrumbList\",\"@id\":\"https:\/\/yestobeauty.spa\/kako-kupiti-wellness-poklon-bon\/#breadcrumb\",\"itemListElement\":[{\"@type\":\"ListItem\",\"position\":1,\"name\":\"Po\u010detna stranica\",\"item\":\"https:\/\/yestobeauty.spa\/en\/\"},{\"@type\":\"ListItem\",\"position\":2,\"name\":\"Kako kupiti Wellness poklon bon?\"}]},{\"@type\":\"WebSite\",\"@id\":\"https:\/\/yestobeauty.spa\/#website\",\"url\":\"https:\/\/yestobeauty.spa\/\",\"name\":\"Yes To Beauty\",\"description\":\"Yes To Beauty\",\"publisher\":{\"@id\":\"https:\/\/yestobeauty.spa\/#organization\"},\"potentialAction\":[{\"@type\":\"SearchAction\",\"target\":{\"@type\":\"EntryPoint\",\"urlTemplate\":\"https:\/\/yestobeauty.spa\/?s={search_term_string}\"},\"query-input\":{\"@type\":\"PropertyValueSpecification\",\"valueRequired\":true,\"valueName\":\"search_term_string\"}}],\"inLanguage\":\"en-US\"},{\"@type\":\"Organization\",\"@id\":\"https:\/\/yestobeauty.spa\/#organization\",\"name\":\"Yes to beauty\",\"url\":\"https:\/\/yestobeauty.spa\/\",\"logo\":{\"@type\":\"ImageObject\",\"inLanguage\":\"en-US\",\"@id\":\"https:\/\/yestobeauty.spa\/#\/schema\/logo\/image\/\",\"url\":\"https:\/\/yestobeauty.spa\/wp-content\/uploads\/2022\/04\/YTB_web_logo-495x120px.png\",\"contentUrl\":\"https:\/\/yestobeauty.spa\/wp-content\/uploads\/2022\/04\/YTB_web_logo-495x120px.png\",\"width\":495,\"height\":120,\"caption\":\"Yes to beauty\"},\"image\":{\"@id\":\"https:\/\/yestobeauty.spa\/#\/schema\/logo\/image\/\"},\"sameAs\":[\"https:\/\/www.facebook.com\/yestobeautyspa\",\"https:\/\/www.instagram.com\/yes_to_beauty_\/\",\"https:\/\/www.linkedin.com\/company\/yes-to-beauty\"]}]}<\/script>\n<!-- \/ Yoast SEO Premium plugin. -->","yoast_head_json":{"title":"Kako kupiti Wellness poklon bon? - Yes To Beauty","robots":{"index":"index","follow":"follow","max-snippet":"max-snippet:-1","max-image-preview":"max-image-preview:large","max-video-preview":"max-video-preview:-1"},"canonical":"https:\/\/yestobeauty.spa\/kako-kupiti-wellness-poklon-bon\/","og_locale":"en_US","og_type":"article","og_title":"Kako kupiti Wellness poklon bon?","og_description":"Kori\u0161tenje poklon bona Webshop omogu\u0107uje kupnju Wellness poklon bonova koji se sastoje od tretmana njege lica i tijela, masa\u017ea i kori\u0161tenja Spa zone te su namijenjeni za dame, gospodu i&hellip;","og_url":"https:\/\/yestobeauty.spa\/kako-kupiti-wellness-poklon-bon\/","og_site_name":"Yes To Beauty","article_publisher":"https:\/\/www.facebook.com\/yestobeautyspa","article_modified_time":"2022-06-02T12:59:19+00:00","og_image":[{"url":"https:\/\/yestobeauty.spa\/wp-content\/uploads\/2022\/05\/mc_acc_opt_70_1x.png","type":"","width":"","height":""}],"twitter_card":"summary_large_image","twitter_misc":{"Est. reading time":"6 minutes"},"schema":{"@context":"https:\/\/schema.org","@graph":[{"@type":"WebPage","@id":"https:\/\/yestobeauty.spa\/kako-kupiti-wellness-poklon-bon\/","url":"https:\/\/yestobeauty.spa\/kako-kupiti-wellness-poklon-bon\/","name":"Kako kupiti Wellness poklon bon? - Yes To Beauty","isPartOf":{"@id":"https:\/\/yestobeauty.spa\/#website"},"primaryImageOfPage":{"@id":"https:\/\/yestobeauty.spa\/kako-kupiti-wellness-poklon-bon\/#primaryimage"},"image":{"@id":"https:\/\/yestobeauty.spa\/kako-kupiti-wellness-poklon-bon\/#primaryimage"},"thumbnailUrl":"https:\/\/yestobeauty.spa\/wp-content\/uploads\/2022\/05\/mc_acc_opt_70_1x.png","datePublished":"2022-03-30T13:39:04+00:00","dateModified":"2022-06-02T12:59:19+00:00","breadcrumb":{"@id":"https:\/\/yestobeauty.spa\/kako-kupiti-wellness-poklon-bon\/#breadcrumb"},"inLanguage":"en-US","potentialAction":[{"@type":"ReadAction","target":["https:\/\/yestobeauty.spa\/kako-kupiti-wellness-poklon-bon\/"]}]},{"@type":"ImageObject","inLanguage":"en-US","@id":"https:\/\/yestobeauty.spa\/kako-kupiti-wellness-poklon-bon\/#primaryimage","url":"https:\/\/yestobeauty.spa\/wp-content\/uploads\/2022\/05\/mc_acc_opt_70_1x.png","contentUrl":"https:\/\/yestobeauty.spa\/wp-content\/uploads\/2022\/05\/mc_acc_opt_70_1x.png"},{"@type":"BreadcrumbList","@id":"https:\/\/yestobeauty.spa\/kako-kupiti-wellness-poklon-bon\/#breadcrumb","itemListElement":[{"@type":"ListItem","position":1,"name":"Po\u010detna stranica","item":"https:\/\/yestobeauty.spa\/en\/"},{"@type":"ListItem","position":2,"name":"Kako kupiti Wellness poklon bon?"}]},{"@type":"WebSite","@id":"https:\/\/yestobeauty.spa\/#website","url":"https:\/\/yestobeauty.spa\/","name":"Yes To Beauty","description":"Yes To Beauty","publisher":{"@id":"https:\/\/yestobeauty.spa\/#organization"},"potentialAction":[{"@type":"SearchAction","target":{"@type":"EntryPoint","urlTemplate":"https:\/\/yestobeauty.spa\/?s={search_term_string}"},"query-input":{"@type":"PropertyValueSpecification","valueRequired":true,"valueName":"search_term_string"}}],"inLanguage":"en-US"},{"@type":"Organization","@id":"https:\/\/yestobeauty.spa\/#organization","name":"Yes to beauty","url":"https:\/\/yestobeauty.spa\/","logo":{"@type":"ImageObject","inLanguage":"en-US","@id":"https:\/\/yestobeauty.spa\/#\/schema\/logo\/image\/","url":"https:\/\/yestobeauty.spa\/wp-content\/uploads\/2022\/04\/YTB_web_logo-495x120px.png","contentUrl":"https:\/\/yestobeauty.spa\/wp-content\/uploads\/2022\/04\/YTB_web_logo-495x120px.png","width":495,"height":120,"caption":"Yes to beauty"},"image":{"@id":"https:\/\/yestobeauty.spa\/#\/schema\/logo\/image\/"},"sameAs":["https:\/\/www.facebook.com\/yestobeautyspa","https:\/\/www.instagram.com\/yes_to_beauty_\/","https:\/\/www.linkedin.com\/company\/yes-to-beauty"]}]}},"_links":{"self":[{"href":"https:\/\/yestobeauty.spa\/en\/wp-json\/wp\/v2\/pages\/23154","targetHints":{"allow":["GET"]}}],"collection":[{"href":"https:\/\/yestobeauty.spa\/en\/wp-json\/wp\/v2\/pages"}],"about":[{"href":"https:\/\/yestobeauty.spa\/en\/wp-json\/wp\/v2\/types\/page"}],"author":[{"embeddable":true,"href":"https:\/\/yestobeauty.spa\/en\/wp-json\/wp\/v2\/users\/1"}],"replies":[{"embeddable":true,"href":"https:\/\/yestobeauty.spa\/en\/wp-json\/wp\/v2\/comments?post=23154"}],"version-history":[{"count":0,"href":"https:\/\/yestobeauty.spa\/en\/wp-json\/wp\/v2\/pages\/23154\/revisions"}],"wp:attachment":[{"href":"https:\/\/yestobeauty.spa\/en\/wp-json\/wp\/v2\/media?parent=23154"}],"curies":[{"name":"wp","href":"https:\/\/api.w.org\/{rel}","templated":true}]}}